{"id":11432,"date":"2024-04-11T10:53:25","date_gmt":"2024-04-11T08:53:25","guid":{"rendered":"https:\/\/knowmadtribe.com\/aviso-legal"},"modified":"2026-03-27T10:10:41","modified_gmt":"2026-03-27T09:10:41","slug":"aviso-legal","status":"publish","type":"page","link":"https:\/\/knowmadtribe.com\/es\/aviso-legal","title":{"rendered":"Aviso legal"},"content":{"rendered":"\t\t<div data-elementor-type=\"wp-page\" data-elementor-id=\"11432\" class=\"elementor elementor-11432 elementor-6497\" data-elementor-post-type=\"page\">\n\t\t\t\t<div class=\"elementor-element elementor-element-f76236c e-flex e-con-boxed e-con e-parent\" data-id=\"f76236c\" data-element_type=\"container\" data-e-type=\"container\" data-settings=\"{&quot;jet_parallax_layout_list&quot;:[]}\">\n\t\t\t\t\t<div class=\"e-con-inner\">\n\t\t\t\t<div class=\"elementor-element elementor-element-cb60fb8 elementor-widget elementor-widget-text-editor\" data-id=\"cb60fb8\" data-element_type=\"widget\" data-e-type=\"widget\" data-widget_type=\"text-editor.default\">\n\t\t\t\t<div class=\"elementor-widget-container\">\n\t\t\t\t\t\t\t\t\t<p>En cumplimiento de la Ley 34\/2002 de Servicios de la Sociedad de la Informaci\u00f3n y de Comercio Electr\u00f3nico, le informamos que este sitio web, con dominio https:\/\/galiwonders.com\/ es propiedad de GALIWONDERS S.L.U en adelante GALIWONDERS con CIF B-70475512, inscrita en el Registro Mercantil de Santiago de Compostela, tomo: 271, secci\u00f3n: 144, folio: SC-48.122. y domicilio social en c\/ Joaqu\u00edn Costa n\u00ba56, 4\u00baK, 36004, Pontevedra. Para cualquier consulta, ponte en contacto con nosotros por correo electr\u00f3nico en info@galiwonders.com, o por tel\u00e9fono en 886251092 (Espa\u00f1a). Para otras nacionalidades, consulta los n\u00fameros de tel\u00e9fono facilitados en la secci\u00f3n \u00abContacto\u00bb del sitio web.<\/p><p>Toda persona que acceda a este sitio web asume el papel de usuario, comprometi\u00e9ndose a la observancia y cumplimiento riguroso de las disposiciones aqu\u00ed dispuestas, as\u00ed como a cualesquiera otra disposici\u00f3n legal que fuera de aplicaci\u00f3n.<\/p><p><strong>OBJETO DE LOS SERVICIOS OFRECIDOS<\/strong><\/p><p>GALIWONDERS es una entidad mercantil cuya actividad principal consiste en el ejercicio de actividades de mediaci\u00f3n y\/o organizaci\u00f3n de servicios tur\u00edsticos, para lo cual cuenta con las pertinentes licencias concedidas.<\/p><p>El presente Aviso Legal regula \u00fanicamente el uso gen\u00e9rico del Sitio Web; la contrataci\u00f3n efectiva de los servicios ofrecidos por GALIWONDERS se regir\u00e1 por sus T\u00e9rminos y Condiciones espec\u00edficos de conformidad con la legislaci\u00f3n vigente.<\/p><p><strong>CONDICIONES DE ACCESO Y USO DEL SITIO<\/strong><\/p><p>Para acceder al Sitio, el Usuario debe disponer de acceso a Internet, conexi\u00f3n y equipos necesarios para conectarse a la red. El correcto acceso y utilizaci\u00f3n de determinados contenidos y servicios del Sitio, implica la descarga de determinados plugins, cookies, complementos u otros elementos l\u00f3gicos al equipo inform\u00e1tico del Usuario. <\/p><p>El Usuario se obliga a utilizar la P\u00e1gina, sus condiciones, servicios y contenidos de conformidad con la ley, la moral, las buenas costumbres y el orden p\u00fablico, empleando la P\u00e1gina de forma diligente, correcta y l\u00edcita, y a no utilizarlos con fines contrarios al contenido del presente Aviso Legal, lesivos de los intereses o derechos de terceros, o que de cualquier forma puedan da\u00f1ar, inutilizar o deteriorar la P\u00e1gina o sus servicios, o impedir un normal disfrute de los mismos por otros Usuarios.<\/p><p>GALIWONDERS se reserva el derecho a denegar o retirar el acceso al Sitio Web, en cualquier momento y sin necesidad de preaviso, a aquellos usuarios que incumplan lo establecido en el presente Aviso Legal.<\/p><p><strong>DERECHOS DE PROPIEDAD INTELECTUAL E INDUSTRIAL<\/strong><\/p><p>GALIWONDERS es titular, a t\u00edtulo enunciativo pero no limitativo, de los contenidos del sitio web, de su programaci\u00f3n, edici\u00f3n, compilaci\u00f3n y dem\u00e1s elementos necesarios para su funcionamiento, los dise\u00f1os, logotipos, texto y\/o gr\u00e1ficos, salvo licencia o autorizaci\u00f3n expresa de los autores. Todos los contenidos del sitio web se encuentran debidamente protegidos por la normativa de propiedad intelectual e industrial, as\u00ed como inscritos en los registros p\u00fablicos correspondientes. <\/p><p>Independientemente de la finalidad para la que fueran destinados, la reproducci\u00f3n total o parcial, uso, explotaci\u00f3n, distribuci\u00f3n y comercializaci\u00f3n, requiere en todo caso de la autorizaci\u00f3n escrita previa por parte de GALIWONDERS. Cualquier uso no autorizado previamente ser\u00e1 considerado un incumplimiento grave de los derechos de propiedad intelectual o industrial del autor. <\/p><p>Los dise\u00f1os, logotipos, texto y\/o gr\u00e1ficos ajenos a GALIWONDERS y que pudieran aparecer en el sitio web, pertenecen a sus respectivos propietarios, siendo ellos mismos responsables de cualquier posible controversia que pudiera suscitarse respecto a los mismos.<\/p><p>GALIWONDERS autoriza expresamente a que terceros puedan redirigir directamente a los contenidos del sitio web, y en todo caso redirigir al sitio web principal https:\/\/galiwonders.com\/.<\/p><p>GALIWONDERS reconoce a favor de sus titulares los correspondientes derechos de propiedad intelectual o industrial, no implicando su sola menci\u00f3n o aparici\u00f3n en el sitio web la existencia de derechos o responsabilidad alguna sobre los mismos, como tampoco respaldo, patrocinio o recomendaci\u00f3n por parte de GALIWONDERS.<\/p><p>Para realizar cualquier tipo de observaci\u00f3n respecto a posibles incumplimientos de los derechos de propiedad intelectual o industrial, as\u00ed como sobre cualquiera de los contenidos del sitio web, puede hacerlo a trav\u00e9s del correo electr\u00f3nico info@galiwonders.com<\/p><p><strong>EXENCI\u00d3N DE RESPONSABILIDAD<\/strong><\/p><p><strong>a. Uso de cookies <\/strong><\/p><p>Este sitio web utiliza cookies t\u00e9cnicas para llevar a cabo determinadas funciones que son consideradas imprescindibles para el correcto funcionamiento y visualizaci\u00f3n del sitio web. El sitio web puede utilizar cookies para facilitar la navegaci\u00f3n y ofrecer un servicio personalizado y m\u00e1s \u00e1gil, as\u00ed como una herramienta estad\u00edstica para obtener datos estad\u00edsticos sobre el uso del sitio web. Para m\u00e1s informaci\u00f3n, consulta la <a href=\"https:\/\/galiwonders.com\/en\/cookie-policy\/\">Pol\u00edtica de Cookies.<\/a>  <\/p><p><strong>b. Pol\u00edtica de enlaces <\/strong><\/p><p>Desde el sitio web es posible que se redirija a contenidos de terceros sitios web. Dado que GALIWONDERS no puede controlar siempre los contenidos introducidos por los terceros en sus respectivos sitios web, \u00e9ste no asume ning\u00fan tipo de responsabilidad respecto a dichos contenidos. En todo caso, GALIWONDERS proceder\u00e1 a la retirada inmediata de cualquier contenido que pudiera contravenir la legislaci\u00f3n nacional o internacional, la moral o el orden p\u00fablico, procediendo a la retirada inmediata de la redirecci\u00f3n a dicho sitio web, poniendo en conocimiento de las autoridades competentes el contenido en cuesti\u00f3n.  <\/p><p>GALIWONDERS no se hace responsable de la informaci\u00f3n y contenidos almacenados, a t\u00edtulo enunciativo pero no limitativo, en foros, chats, generadores de blogs, comentarios o cualesquiera otro medio que permita a terceros publicar contenidos de forma independiente en la p\u00e1gina web de GALIWONDERS. Estar\u00e1 a disposici\u00f3n de todos los usuarios, autoridades y fuerzas de seguridad, colaborando de forma activa en la retirada o, en su caso, bloqueo de todos aquellos contenidos que pudieran afectar o contravenir la legislaci\u00f3n nacional, o internacional, derechos de terceros o la moral y el orden p\u00fablico. En caso de que el usuario considere que existe en el sitio web alg\u00fan contenido que pudiera ser susceptible de esta clasificaci\u00f3n, se ruega lo notifique de forma inmediata al administrador del sitio web.  <\/p><p>Este sitio web ha sido comprobado y probado para garantizar su correcto funcionamiento. En principio, se puede garantizar su correcto funcionamiento los 365 d\u00edas del a\u00f1o, las 24 horas del d\u00eda. No obstante, GALIWONDERS no descarta la posibilidad de que existan ciertos errores de programaci\u00f3n, o que acontezcan causas de fuerza mayor, cat\u00e1strofes naturales, huelgas, o circunstancias semejantes que hagan imposible el acceso a la p\u00e1gina web.  <\/p><p><strong>PROTECCI\u00d3N DE DATOS<\/strong><\/p><p>Para utilizar o tener acceso a determinados Servicios y\/o Contenidos, GALIWONDERS podr\u00e1 requerir a los usuarios la cumplimentaci\u00f3n de ciertos formularios de registro, que implican necesariamente el suministro de ciertos datos de car\u00e1cter personal. GALIWONDERS, tratar\u00e1 dichos datos de conformidad con las finalidades y bajo las condiciones que en cada caso se detallen. <\/p><p>Mediante la cumplimentaci\u00f3n y env\u00edo de cualquier formulario incluido en el Sitio Web o en la plataforma correspondiente, el usuario conoce y autoriza expresamente a GALIWONDERS para la recogida y tratamiento automatizado, en su caso, de los datos personales solicitados de acuerdo con las finalidades y bajo las condiciones que en cada caso se detallen.<\/p><p>GALIWONDERS ha adoptado y adoptar\u00e1 todas las medidas t\u00e9cnicas y organizativas de seguridad exigidas por la legislaci\u00f3n vigente y los est\u00e1ndares de calidad existentes en el sector, a fin de garantizar al m\u00e1ximo la seguridad y confidencialidad de las comunicaciones. Para m\u00e1s informaci\u00f3n, consulta la <a href=\"https:\/\/galiwonders.com\/politica-de-privacidad\/\">Pol\u00edtica de Privacidad<\/a>. <\/p><p><strong>MODIFICACI\u00d3N DE LAS PRESENTES CONDICIONES Y DURACI\u00d3N<\/strong><br><strong>GAL<\/strong>IWONDERS, se reserva el derecho a modificar cualquier tipo de informaci\u00f3n que pudiera aparecer en el sitio web, sin que exista obligaci\u00f3n de preavisar o poner en conocimiento de los usuarios dichas obligaciones, entendi\u00e9ndose como suficiente con la publicaci\u00f3n en el sitio web de GALIWONDERS.<\/p><p>La vigencia de las citadas condiciones ir\u00e1 en funci\u00f3n de su exposici\u00f3n y estar\u00e1n vigentes hasta que sean debidamente publicadas o modificadas por otras.<\/p><p><strong>LEGISLACI\u00d3N Y JURISDICCI\u00d3N APLICABLES<\/strong><\/p><p>La relaci\u00f3n entre GALIWONDERS y el usuario se regir\u00e1 por la normativa espa\u00f1ola vigente y cualquier controversia en la aplicaci\u00f3n de sus contenidos se someter\u00e1 a la jurisdicci\u00f3n de los Juzgados y tribunales de la ciudad de A Coru\u00f1a. Si est\u00e1s contratando como consumidor, los tribunales competentes para conocer de cualquier discrepancia entre las partes ser\u00e1n los establecidos conforme a la legislaci\u00f3n de consumidores art. 90.2 RDL 1\/2007, en el domicilio del consumidor y usuario. GALIWONDERS no est\u00e1 adherido a ning\u00fan sistema arbitral para la resoluci\u00f3n de conflictos.  <\/p><p>Texto actualizado en diciembre de 2022.<\/p>\t\t\t\t\t\t\t\t<\/div>\n\t\t\t\t<\/div>\n\t\t\t\t\t<\/div>\n\t\t\t\t<\/div>\n\t\t\t\t<\/div>\n\t\t","protected":false},"excerpt":{"rendered":"<p>En cumplimiento de la Ley 34\/2002 de Servicios de la Sociedad de la Informaci\u00f3n y de Comercio Electr\u00f3nico, le informamos que este sitio web, con dominio https:\/\/galiwonders.com\/ es propiedad de GALIWONDERS S.L.U en adelante GALIWONDERS con CIF B-70475512, inscrita en el Registro Mercantil de Santiago de Compostela, tomo: 271, secci\u00f3n: 144, folio: SC-48.122. y domicilio [&hellip;]<\/p>\n","protected":false},"author":4,"featured_media":0,"parent":0,"menu_order":0,"comment_status":"closed","ping_status":"closed","template":"","meta":{"_acf_changed":false,"content-type":"","_jet_sm_ready_style":"","_jet_sm_style":"","_jet_sm_controls_values":"","_jet_sm_fonts_collection":"","_jet_sm_fonts_links":"","footnotes":""},"class_list":["post-11432","page","type-page","status-publish","hentry"],"acf":[],"yoast_head":"<!-- This site is optimized with the Yoast SEO Premium plugin v26.0 (Yoast SEO v27.4) - https:\/\/yoast.com\/product\/yoast-seo-premium-wordpress\/ -->\n<title>Aviso legal - Knowmad Tribe<\/title>\n<meta name=\"robots\" content=\"noindex, nofollow\" \/>\n<meta property=\"og:locale\" content=\"es_ES\" \/>\n<meta property=\"og:type\" content=\"article\" \/>\n<meta property=\"og:title\" content=\"Aviso legal\" \/>\n<meta property=\"og:description\" content=\"En cumplimiento de la Ley 34\/2002 de Servicios de la Sociedad de la Informaci\u00f3n y de Comercio Electr\u00f3nico, le informamos que este sitio web, con dominio https:\/\/galiwonders.com\/ es propiedad de GALIWONDERS S.L.U en adelante GALIWONDERS con CIF B-70475512, inscrita en el Registro Mercantil de Santiago de Compostela, tomo: 271, secci\u00f3n: 144, folio: SC-48.122. y domicilio [&hellip;]\" \/>\n<meta property=\"og:url\" content=\"https:\/\/knowmadtribe.com\/es\/aviso-legal\" \/>\n<meta property=\"og:site_name\" content=\"Knowmad Tribe\" \/>\n<meta property=\"article:modified_time\" content=\"2026-03-27T09:10:41+00:00\" \/>\n<meta name=\"twitter:card\" content=\"summary_large_image\" \/>\n<meta name=\"twitter:label1\" content=\"Tiempo de lectura\" \/>\n\t<meta name=\"twitter:data1\" content=\"7 minutos\" \/>\n<script type=\"application\/ld+json\" class=\"yoast-schema-graph\">{\"@context\":\"https:\\\/\\\/schema.org\",\"@graph\":[{\"@type\":\"WebPage\",\"@id\":\"https:\\\/\\\/knowmadtribe.com\\\/es\\\/aviso-legal\",\"url\":\"https:\\\/\\\/knowmadtribe.com\\\/es\\\/aviso-legal\",\"name\":\"Aviso legal - Knowmad Tribe\",\"isPartOf\":{\"@id\":\"https:\\\/\\\/knowmadtribe.com\\\/es\\\/#website\"},\"datePublished\":\"2024-04-11T08:53:25+00:00\",\"dateModified\":\"2026-03-27T09:10:41+00:00\",\"breadcrumb\":{\"@id\":\"https:\\\/\\\/knowmadtribe.com\\\/es\\\/aviso-legal#breadcrumb\"},\"inLanguage\":\"es\",\"potentialAction\":[{\"@type\":\"ReadAction\",\"target\":[\"https:\\\/\\\/knowmadtribe.com\\\/es\\\/aviso-legal\"]}]},{\"@type\":\"BreadcrumbList\",\"@id\":\"https:\\\/\\\/knowmadtribe.com\\\/es\\\/aviso-legal#breadcrumb\",\"itemListElement\":[{\"@type\":\"ListItem\",\"position\":1,\"name\":\"Home\",\"item\":\"https:\\\/\\\/knowmadtribe.com\\\/es\\\/inicio\"},{\"@type\":\"ListItem\",\"position\":2,\"name\":\"Aviso legal\"}]},{\"@type\":\"WebSite\",\"@id\":\"https:\\\/\\\/knowmadtribe.com\\\/es\\\/#website\",\"url\":\"https:\\\/\\\/knowmadtribe.com\\\/es\\\/\",\"name\":\"Knowmad Tribe\",\"description\":\"Remote Workers Travel Agency\",\"publisher\":{\"@id\":\"https:\\\/\\\/knowmadtribe.com\\\/es\\\/#organization\"},\"potentialAction\":[{\"@type\":\"SearchAction\",\"target\":{\"@type\":\"EntryPoint\",\"urlTemplate\":\"https:\\\/\\\/knowmadtribe.com\\\/es\\\/?s={search_term_string}\"},\"query-input\":{\"@type\":\"PropertyValueSpecification\",\"valueRequired\":true,\"valueName\":\"search_term_string\"}}],\"inLanguage\":\"es\"},{\"@type\":\"Organization\",\"@id\":\"https:\\\/\\\/knowmadtribe.com\\\/es\\\/#organization\",\"name\":\"Knowmad Tribe\",\"url\":\"https:\\\/\\\/knowmadtribe.com\\\/es\\\/\",\"logo\":{\"@type\":\"ImageObject\",\"inLanguage\":\"es\",\"@id\":\"https:\\\/\\\/knowmadtribe.com\\\/es\\\/#\\\/schema\\\/logo\\\/image\\\/\",\"url\":\"https:\\\/\\\/knowmadtribe.com\\\/wp-content\\\/uploads\\\/2020\\\/09\\\/redes-perfil-02.jpg\",\"contentUrl\":\"https:\\\/\\\/knowmadtribe.com\\\/wp-content\\\/uploads\\\/2020\\\/09\\\/redes-perfil-02.jpg\",\"width\":900,\"height\":900,\"caption\":\"Knowmad Tribe\"},\"image\":{\"@id\":\"https:\\\/\\\/knowmadtribe.com\\\/es\\\/#\\\/schema\\\/logo\\\/image\\\/\"},\"sameAs\":[\"https:\\\/\\\/www.linkedin.com\\\/company\\\/knowmadtribe\\\/about\\\/\"]}]}<\/script>\n<!-- \/ Yoast SEO Premium plugin. -->","yoast_head_json":{"title":"Aviso legal - Knowmad Tribe","robots":{"index":"noindex","follow":"nofollow"},"og_locale":"es_ES","og_type":"article","og_title":"Aviso legal","og_description":"En cumplimiento de la Ley 34\/2002 de Servicios de la Sociedad de la Informaci\u00f3n y de Comercio Electr\u00f3nico, le informamos que este sitio web, con dominio https:\/\/galiwonders.com\/ es propiedad de GALIWONDERS S.L.U en adelante GALIWONDERS con CIF B-70475512, inscrita en el Registro Mercantil de Santiago de Compostela, tomo: 271, secci\u00f3n: 144, folio: SC-48.122. y domicilio [&hellip;]","og_url":"https:\/\/knowmadtribe.com\/es\/aviso-legal","og_site_name":"Knowmad Tribe","article_modified_time":"2026-03-27T09:10:41+00:00","twitter_card":"summary_large_image","twitter_misc":{"Tiempo de lectura":"7 minutos"},"schema":{"@context":"https:\/\/schema.org","@graph":[{"@type":"WebPage","@id":"https:\/\/knowmadtribe.com\/es\/aviso-legal","url":"https:\/\/knowmadtribe.com\/es\/aviso-legal","name":"Aviso legal - Knowmad Tribe","isPartOf":{"@id":"https:\/\/knowmadtribe.com\/es\/#website"},"datePublished":"2024-04-11T08:53:25+00:00","dateModified":"2026-03-27T09:10:41+00:00","breadcrumb":{"@id":"https:\/\/knowmadtribe.com\/es\/aviso-legal#breadcrumb"},"inLanguage":"es","potentialAction":[{"@type":"ReadAction","target":["https:\/\/knowmadtribe.com\/es\/aviso-legal"]}]},{"@type":"BreadcrumbList","@id":"https:\/\/knowmadtribe.com\/es\/aviso-legal#breadcrumb","itemListElement":[{"@type":"ListItem","position":1,"name":"Home","item":"https:\/\/knowmadtribe.com\/es\/inicio"},{"@type":"ListItem","position":2,"name":"Aviso legal"}]},{"@type":"WebSite","@id":"https:\/\/knowmadtribe.com\/es\/#website","url":"https:\/\/knowmadtribe.com\/es\/","name":"Knowmad Tribe","description":"Remote Workers Travel Agency","publisher":{"@id":"https:\/\/knowmadtribe.com\/es\/#organization"},"potentialAction":[{"@type":"SearchAction","target":{"@type":"EntryPoint","urlTemplate":"https:\/\/knowmadtribe.com\/es\/?s={search_term_string}"},"query-input":{"@type":"PropertyValueSpecification","valueRequired":true,"valueName":"search_term_string"}}],"inLanguage":"es"},{"@type":"Organization","@id":"https:\/\/knowmadtribe.com\/es\/#organization","name":"Knowmad Tribe","url":"https:\/\/knowmadtribe.com\/es\/","logo":{"@type":"ImageObject","inLanguage":"es","@id":"https:\/\/knowmadtribe.com\/es\/#\/schema\/logo\/image\/","url":"https:\/\/knowmadtribe.com\/wp-content\/uploads\/2020\/09\/redes-perfil-02.jpg","contentUrl":"https:\/\/knowmadtribe.com\/wp-content\/uploads\/2020\/09\/redes-perfil-02.jpg","width":900,"height":900,"caption":"Knowmad Tribe"},"image":{"@id":"https:\/\/knowmadtribe.com\/es\/#\/schema\/logo\/image\/"},"sameAs":["https:\/\/www.linkedin.com\/company\/knowmadtribe\/about\/"]}]}},"_links":{"self":[{"href":"https:\/\/knowmadtribe.com\/es\/wp-json\/wp\/v2\/pages\/11432","targetHints":{"allow":["GET"]}}],"collection":[{"href":"https:\/\/knowmadtribe.com\/es\/wp-json\/wp\/v2\/pages"}],"about":[{"href":"https:\/\/knowmadtribe.com\/es\/wp-json\/wp\/v2\/types\/page"}],"author":[{"embeddable":true,"href":"https:\/\/knowmadtribe.com\/es\/wp-json\/wp\/v2\/users\/4"}],"replies":[{"embeddable":true,"href":"https:\/\/knowmadtribe.com\/es\/wp-json\/wp\/v2\/comments?post=11432"}],"version-history":[{"count":1,"href":"https:\/\/knowmadtribe.com\/es\/wp-json\/wp\/v2\/pages\/11432\/revisions"}],"predecessor-version":[{"id":11433,"href":"https:\/\/knowmadtribe.com\/es\/wp-json\/wp\/v2\/pages\/11432\/revisions\/11433"}],"wp:attachment":[{"href":"https:\/\/knowmadtribe.com\/es\/wp-json\/wp\/v2\/media?parent=11432"}],"curies":[{"name":"wp","href":"https:\/\/api.w.org\/{rel}","templated":true}]}}