{"id":11436,"date":"2024-04-11T10:49:14","date_gmt":"2024-04-11T08:49:14","guid":{"rendered":"https:\/\/knowmadtribe.com\/politica-de-privacidad"},"modified":"2026-03-27T10:11:36","modified_gmt":"2026-03-27T09:11:36","slug":"politica-de-privacidad","status":"publish","type":"page","link":"https:\/\/knowmadtribe.com\/es\/politica-de-privacidad","title":{"rendered":"Pol\u00edtica de privacidad"},"content":{"rendered":"\t\t<div data-elementor-type=\"wp-page\" data-elementor-id=\"11436\" class=\"elementor elementor-11436 elementor-6492\" data-elementor-post-type=\"page\">\n\t\t\t\t<div class=\"elementor-element elementor-element-b228aba e-flex e-con-boxed e-con e-parent\" data-id=\"b228aba\" data-element_type=\"container\" data-e-type=\"container\" data-settings=\"{&quot;jet_parallax_layout_list&quot;:[]}\">\n\t\t\t\t\t<div class=\"e-con-inner\">\n\t\t\t\t<div class=\"elementor-element elementor-element-23d3461 elementor-widget elementor-widget-text-editor\" data-id=\"23d3461\" data-element_type=\"widget\" data-e-type=\"widget\" data-widget_type=\"text-editor.default\">\n\t\t\t\t<div class=\"elementor-widget-container\">\n\t\t\t\t\t\t\t\t\t<p>La presente pol\u00edtica de privacidad y protecci\u00f3n de datos, tiene por objeto proporcionarte cuanta informaci\u00f3n precises para que comprendas el alcance y finalidad del tratamiento de los datos de forma que la aceptaci\u00f3n, absolutamente necesaria para poder acceder y utilizar el sitio web, se base en un consentimiento plenamente informado tal y como se establece en la Ley Org\u00e1nica 3\/2018, de 5 de diciembre, de Protecci\u00f3n de Datos y Garant\u00eda de los Derechos Digitales y en el Reglamento 2016\/679, de 27 de abril de 2016, relativo a la protecci\u00f3n de las personas f\u00edsicas en lo que respecta al tratamiento de datos personales y a la libre circulaci\u00f3n de estos datos.<\/p><p><strong>\u00bfQui\u00e9n es responsable del tratamiento de tus datos?<\/strong><\/p><p>El responsable del tratamiento de los datos es GALIWONDERS, S.L.U, en adelante GALIWONDERS con C.I.F. B-70475512, con domicilio social en c\/Joaqu\u00edn Costa n\u00ba56, 4\u00baK, 36004 Pontevedra. Puedes ponerte en contacto con nosotros a trav\u00e9s de una carta dirigida a nuestra direcci\u00f3n postal, indicada en este p\u00e1rrafo o a trav\u00e9s de nuestra direcci\u00f3n de correo electr\u00f3nico: info@galiwonders.com<\/p><p><strong>\u00bfCon qu\u00e9 fines tratamos los datos personales?<\/strong><\/p><p>GALIWONDERS proporcionar\u00e1 a los datos personales facilitados por los usuarios un tratamiento orientado a la consecuci\u00f3n de los siguientes objetivos:<\/p><ul><li style=\"font-size: 16px;\">Facilitar informaci\u00f3n de los viajeros con reservas afectadas, en cumplimiento del Real Decreto 933\/2021 sobre registro de viajeros, por cumplimiento de una obligaci\u00f3n legal del responsable de tratamiento y con legitimaci\u00f3n en el art. 6.1 c) del RGPD 2016\/679.<\/li><li>Para el desarrollo, ejecuci\u00f3n y cumplimiento del servicio contratado, se recabar\u00e1n los datos necesarios para el cumplimiento del contrato, siendo estos datos: Datos de identificaci\u00f3n personal tales como, direcci\u00f3n, correo electr\u00f3nico, tel\u00e9fono, DNI o cualquier otro documento acreditativo de la identidad del viajero siempre que sea necesario para la prestaci\u00f3n del servicio contratado; datos econ\u00f3micos una vez formalizado el contrato.<\/li><li>Gestionar las consultas planteadas a trav\u00e9s del correo electr\u00f3nico de contacto. En el caso de que el interesado s\u00f3lo se haya puesto en contacto con GALIWONDERS, \u00e9sta tratar\u00e1 sus datos con la finalidad de atender las solicitudes o peticiones de informaci\u00f3n sobre los servicios ofrecidos, con un seguimiento posterior al env\u00edo de la propuesta. GALIWONDERS s\u00f3lo tratar\u00e1 los datos personales estrictamente necesarios para gestionar o resolver la solicitud.  <\/li><li>Con fines comerciales, el interesado que sea cliente de GALIWONDERS recibir\u00e1 noticias sobre productos similares. No obstante, se informa al cliente de que puede oponerse en cualquier momento poni\u00e9ndose en contacto con GALIWONDERS a trav\u00e9s de los canales antes mencionados. <\/li><li>Gestionar los datos recogidos de los usuarios de la web a trav\u00e9s de cookies, que ser\u00e1n tratados para asegurar que el contenido de la web se adapta a tus necesidades y a las de tu ordenador, para analizar el comportamiento de los usuarios y nuestros servicios, y todo ello con el fin de mejorar la gama de productos o servicios que ofrecemos.<\/li><li>Gesti\u00f3n del proceso de selecci\u00f3n de GALIWONDERS con futuros candidatos.<\/li><\/ul><p><strong>\u00bfCu\u00e1l es la base jur\u00eddica para el tratamiento de tus datos?<\/strong><\/p><p>La base jur\u00eddica para el tratamiento de tus datos es:<\/p><ul><li>Gesti\u00f3n de medidas precontractuales y, en su caso, contractuales basadas en el art\u00edculo 6, apartado 1, letra b), del RGPD, ya que recogemos y tratamos tus datos personales principalmente para la ejecuci\u00f3n de contratos de acuerdo con los t\u00e9rminos y condiciones contenidos en dichos contratos.<\/li><li>Gestionar las consultas planteadas a trav\u00e9s del correo electr\u00f3nico de contacto. Este tratamiento se basa en el art\u00edculo 6.1.f) del RGPD el inter\u00e9s leg\u00edtimo que GALIWONDERS tiene para responder a las solicitudes de informaci\u00f3n a trav\u00e9s del Sitio Web. <\/li><li>Podemos obtener y tratar tus datos personales por nuestros intereses leg\u00edtimos basados en el art\u00edculo 6.1.f) del RGPD (o los de cualquier tercero). Dichos intereses leg\u00edtimos incluyen: La oferta de productos y servicios encuentra su legitimaci\u00f3n en el inter\u00e9s leg\u00edtimo del responsable del tratamiento, pudiendo el Cliente manifestar en cualquier momento su oposici\u00f3n a este tipo de tratamiento sin que en ning\u00fan caso el ejercicio de este derecho condicione la ejecuci\u00f3n del contrato. <\/li><li>Gestionar los datos de los usuarios de la web que se recogen a trav\u00e9s de cookies, este tratamiento est\u00e1 legitimado en el consentimiento inequ\u00edvoco otorgado por los usuarios.<\/li><li>Gesti\u00f3n del proceso de selecci\u00f3n con futuros candidatos. Este tratamiento est\u00e1 legitimado por el consentimiento inequ\u00edvoco prestado por los futuros candidatos para su inclusi\u00f3n en la base de datos de GALIWONDERS.<br>Asimismo, te informamos de que la no comunicaci\u00f3n de los datos requeridos supondr\u00e1 la imposibilidad de la firma y cumplimiento del contrato. <\/li><li>Para el cumplimiento de obligaciones legales.<\/li><\/ul><p><strong>\u00bfCu\u00e1nto tiempo conservamos tus datos personales?<\/strong><\/p><p>GALIWONDERS trata tus datos personales durante el periodo necesario para cumplir los fines establecidos en la presente Pol\u00edtica de Privacidad, as\u00ed como para mantener tu informaci\u00f3n personal de conformidad con lo dispuesto en las leyes y reglamentos pertinentes.<\/p><p>En concreto, los datos se conservar\u00e1n durante toda la vigencia del contrato y se bloquear\u00e1n a la finalizaci\u00f3n del mismo. De este modo, los datos ser\u00e1n bloqueados y conservados durante 5 a\u00f1os, siendo \u00e9ste el plazo de prescripci\u00f3n de las acciones que pudieran derivarse de la relaci\u00f3n contractual suscrita. <\/p><p>Los datos que el usuario haya consentido para el env\u00edo de informaci\u00f3n comercial se conservar\u00e1n hasta que el usuario solicite su cancelaci\u00f3n, momento en el que se eliminar\u00e1n los datos.<\/p><p><strong>\u00bfA qu\u00e9 destinatarios se comunicar\u00e1n tus datos?<\/strong><\/p><p>GALIWONDERS comunicar\u00e1 los datos recogidos a terceros proveedores relacionados con el Responsable del Tratamiento (alojamiento, proveedores de traslado, seguros, plataforma de marketing digital) cuya intervenci\u00f3n sea necesaria para el cumplimiento de las finalidades aqu\u00ed descritas.<\/p><p>GALIWONDERS se gestiona a trav\u00e9s de la plataforma Zoco, con sede en California, aunque nuestros datos est\u00e1n alojados en el centro de datos de Zoho Europa https:\/\/www.zoho.com\/es-xl\/mail\/help\/zoho-mail-gdpr-compliance.html lo que significa que no existe flujo de Transferencias Internacionales de Datos. Asimismo, Zoho garantiza unos niveles de seguridad adecuados, medidas de seguridad Zoho https:\/\/www.zoho.com\/es-xl\/trust.html . <\/p><p>GALIWONDERS aplica las directrices del Comit\u00e9 Europeo de Protecci\u00f3n de Datos relativas a la aplicaci\u00f3n de medidas apropiadas para garantizar un nivel de protecci\u00f3n adecuado.<\/p><p>Aparte de los casos aqu\u00ed descritos, no se comunicar\u00e1 ning\u00fan dato, salvo obligaci\u00f3n legal.<\/p><p><strong>Redes sociales<\/strong><\/p><p>GALIWONDERS tiene presencia en algunas redes sociales de Internet y respecto de las cuales act\u00faa como responsable del tratamiento en relaci\u00f3n con los datos publicados por GALIWONDERS. Las redes sociales son las que se indican a continuaci\u00f3n: <\/p><p>Instagram: https:\/\/www.instagram.com\/galiwonders\/<br>Facebook: https:\/\/es-es.facebook.com\/galiwonders\/<br>Youtube:https:\/\/www.youtube.com\/channel\/UCcWo0Lxzn72tiFYT2UpWs7w<br>Pinterest: https:\/\/www.pinterest.es\/galiwonders\/<br>Twitter: https:\/\/twitter.com\/galiwonders<br>Linkedin: https:\/\/www.linkedin.com\/company\/galiwonders<\/p><p>Los usuarios de las redes sociales pueden configurar las opciones de privacidad y seguridad proporcionadas por cada una de las redes sociales. GALIWONDERS no se hace responsable del tratamiento de los datos de los usuarios de las redes sociales. <\/p><p><strong>\u00bfCu\u00e1les son tus derechos cuando nos facilitas tus datos?<\/strong><\/p><p>Cualquier persona tiene derecho a obtener confirmaci\u00f3n sobre si GALIWONDERS est\u00e1 tratando datos personales que les conciernan.<br>El interesado tendr\u00e1 derecho a retirar su consentimiento en cualquier momento, siempre que el tratamiento no sea necesario para la ejecuci\u00f3n del contrato. La retirada del consentimiento no afectar\u00e1 a la licitud del tratamiento basado en el consentimiento previo a su retirada. <\/p><p>Puedes ejercitar tus derechos como interesado al<strong>acceso, rectificaci\u00f3n, supresi\u00f3n, limitaci\u00f3n<\/strong>, portabilidad y oposici\u00f3n al tratamiento de tus datos personales, en cualquier momento y de forma gratuita, enviando un correo electr\u00f3nico a info@galiwonders.com o escribiendo a c\/Joaqu\u00edn Costa n\u00ba56, 4\u00baK, 36004 Pontevedra, indicando el derecho que deseas ejercitar y los datos identificativos.<\/p><p>Adem\u00e1s, el interesado, si considera que no se han atendido sus derechos, podr\u00e1 presentar una reclamaci\u00f3n ante la Agencia Espa\u00f1ola de Protecci\u00f3n de Datos (AEPD) como autoridad de control y supervisi\u00f3n en materia de protecci\u00f3n de datos en el territorio espa\u00f1ol.<\/p><p>\u00daltima actualizaci\u00f3n: diciembre de 2022<\/p>\t\t\t\t\t\t\t\t<\/div>\n\t\t\t\t<\/div>\n\t\t\t\t\t<\/div>\n\t\t\t\t<\/div>\n\t\t\t\t<\/div>\n\t\t","protected":false},"excerpt":{"rendered":"<p>La presente pol\u00edtica de privacidad y protecci\u00f3n de datos, tiene por objeto proporcionarte cuanta informaci\u00f3n precises para que comprendas el alcance y finalidad del tratamiento de los datos de forma que la aceptaci\u00f3n, absolutamente necesaria para poder acceder y utilizar el sitio web, se base en un consentimiento plenamente informado tal y como se establece [&hellip;]<\/p>\n","protected":false},"author":4,"featured_media":0,"parent":0,"menu_order":0,"comment_status":"closed","ping_status":"closed","template":"","meta":{"_acf_changed":false,"content-type":"","_jet_sm_ready_style":"","_jet_sm_style":"","_jet_sm_controls_values":"","_jet_sm_fonts_collection":"","_jet_sm_fonts_links":"","footnotes":""},"class_list":["post-11436","page","type-page","status-publish","hentry"],"acf":[],"yoast_head":"<!-- This site is optimized with the Yoast SEO Premium plugin v26.0 (Yoast SEO v27.4) - https:\/\/yoast.com\/product\/yoast-seo-premium-wordpress\/ -->\n<title>Pol\u00edtica de privacidad - Knowmad Tribe<\/title>\n<meta name=\"robots\" content=\"noindex, nofollow\" \/>\n<meta property=\"og:locale\" content=\"es_ES\" \/>\n<meta property=\"og:type\" content=\"article\" \/>\n<meta property=\"og:title\" content=\"Pol\u00edtica de privacidad\" \/>\n<meta property=\"og:description\" content=\"La presente pol\u00edtica de privacidad y protecci\u00f3n de datos, tiene por objeto proporcionarte cuanta informaci\u00f3n precises para que comprendas el alcance y finalidad del tratamiento de los datos de forma que la aceptaci\u00f3n, absolutamente necesaria para poder acceder y utilizar el sitio web, se base en un consentimiento plenamente informado tal y como se establece [&hellip;]\" \/>\n<meta property=\"og:url\" content=\"https:\/\/knowmadtribe.com\/es\/politica-de-privacidad\" \/>\n<meta property=\"og:site_name\" content=\"Knowmad Tribe\" \/>\n<meta property=\"article:modified_time\" content=\"2026-03-27T09:11:36+00:00\" \/>\n<meta name=\"twitter:card\" content=\"summary_large_image\" \/>\n<meta name=\"twitter:label1\" content=\"Tiempo de lectura\" \/>\n\t<meta name=\"twitter:data1\" content=\"7 minutos\" \/>\n<script type=\"application\/ld+json\" class=\"yoast-schema-graph\">{\"@context\":\"https:\\\/\\\/schema.org\",\"@graph\":[{\"@type\":\"WebPage\",\"@id\":\"https:\\\/\\\/knowmadtribe.com\\\/es\\\/politica-de-privacidad\",\"url\":\"https:\\\/\\\/knowmadtribe.com\\\/es\\\/politica-de-privacidad\",\"name\":\"Pol\u00edtica de privacidad - Knowmad Tribe\",\"isPartOf\":{\"@id\":\"https:\\\/\\\/knowmadtribe.com\\\/es\\\/#website\"},\"datePublished\":\"2024-04-11T08:49:14+00:00\",\"dateModified\":\"2026-03-27T09:11:36+00:00\",\"breadcrumb\":{\"@id\":\"https:\\\/\\\/knowmadtribe.com\\\/es\\\/politica-de-privacidad#breadcrumb\"},\"inLanguage\":\"es\",\"potentialAction\":[{\"@type\":\"ReadAction\",\"target\":[\"https:\\\/\\\/knowmadtribe.com\\\/es\\\/politica-de-privacidad\"]}]},{\"@type\":\"BreadcrumbList\",\"@id\":\"https:\\\/\\\/knowmadtribe.com\\\/es\\\/politica-de-privacidad#breadcrumb\",\"itemListElement\":[{\"@type\":\"ListItem\",\"position\":1,\"name\":\"Home\",\"item\":\"https:\\\/\\\/knowmadtribe.com\\\/es\\\/inicio\"},{\"@type\":\"ListItem\",\"position\":2,\"name\":\"Pol\u00edtica de privacidad\"}]},{\"@type\":\"WebSite\",\"@id\":\"https:\\\/\\\/knowmadtribe.com\\\/es\\\/#website\",\"url\":\"https:\\\/\\\/knowmadtribe.com\\\/es\\\/\",\"name\":\"Knowmad Tribe\",\"description\":\"Remote Workers Travel Agency\",\"publisher\":{\"@id\":\"https:\\\/\\\/knowmadtribe.com\\\/es\\\/#organization\"},\"potentialAction\":[{\"@type\":\"SearchAction\",\"target\":{\"@type\":\"EntryPoint\",\"urlTemplate\":\"https:\\\/\\\/knowmadtribe.com\\\/es\\\/?s={search_term_string}\"},\"query-input\":{\"@type\":\"PropertyValueSpecification\",\"valueRequired\":true,\"valueName\":\"search_term_string\"}}],\"inLanguage\":\"es\"},{\"@type\":\"Organization\",\"@id\":\"https:\\\/\\\/knowmadtribe.com\\\/es\\\/#organization\",\"name\":\"Knowmad Tribe\",\"url\":\"https:\\\/\\\/knowmadtribe.com\\\/es\\\/\",\"logo\":{\"@type\":\"ImageObject\",\"inLanguage\":\"es\",\"@id\":\"https:\\\/\\\/knowmadtribe.com\\\/es\\\/#\\\/schema\\\/logo\\\/image\\\/\",\"url\":\"https:\\\/\\\/knowmadtribe.com\\\/wp-content\\\/uploads\\\/2020\\\/09\\\/redes-perfil-02.jpg\",\"contentUrl\":\"https:\\\/\\\/knowmadtribe.com\\\/wp-content\\\/uploads\\\/2020\\\/09\\\/redes-perfil-02.jpg\",\"width\":900,\"height\":900,\"caption\":\"Knowmad Tribe\"},\"image\":{\"@id\":\"https:\\\/\\\/knowmadtribe.com\\\/es\\\/#\\\/schema\\\/logo\\\/image\\\/\"},\"sameAs\":[\"https:\\\/\\\/www.linkedin.com\\\/company\\\/knowmadtribe\\\/about\\\/\"]}]}<\/script>\n<!-- \/ Yoast SEO Premium plugin. -->","yoast_head_json":{"title":"Pol\u00edtica de privacidad - Knowmad Tribe","robots":{"index":"noindex","follow":"nofollow"},"og_locale":"es_ES","og_type":"article","og_title":"Pol\u00edtica de privacidad","og_description":"La presente pol\u00edtica de privacidad y protecci\u00f3n de datos, tiene por objeto proporcionarte cuanta informaci\u00f3n precises para que comprendas el alcance y finalidad del tratamiento de los datos de forma que la aceptaci\u00f3n, absolutamente necesaria para poder acceder y utilizar el sitio web, se base en un consentimiento plenamente informado tal y como se establece [&hellip;]","og_url":"https:\/\/knowmadtribe.com\/es\/politica-de-privacidad","og_site_name":"Knowmad Tribe","article_modified_time":"2026-03-27T09:11:36+00:00","twitter_card":"summary_large_image","twitter_misc":{"Tiempo de lectura":"7 minutos"},"schema":{"@context":"https:\/\/schema.org","@graph":[{"@type":"WebPage","@id":"https:\/\/knowmadtribe.com\/es\/politica-de-privacidad","url":"https:\/\/knowmadtribe.com\/es\/politica-de-privacidad","name":"Pol\u00edtica de privacidad - Knowmad Tribe","isPartOf":{"@id":"https:\/\/knowmadtribe.com\/es\/#website"},"datePublished":"2024-04-11T08:49:14+00:00","dateModified":"2026-03-27T09:11:36+00:00","breadcrumb":{"@id":"https:\/\/knowmadtribe.com\/es\/politica-de-privacidad#breadcrumb"},"inLanguage":"es","potentialAction":[{"@type":"ReadAction","target":["https:\/\/knowmadtribe.com\/es\/politica-de-privacidad"]}]},{"@type":"BreadcrumbList","@id":"https:\/\/knowmadtribe.com\/es\/politica-de-privacidad#breadcrumb","itemListElement":[{"@type":"ListItem","position":1,"name":"Home","item":"https:\/\/knowmadtribe.com\/es\/inicio"},{"@type":"ListItem","position":2,"name":"Pol\u00edtica de privacidad"}]},{"@type":"WebSite","@id":"https:\/\/knowmadtribe.com\/es\/#website","url":"https:\/\/knowmadtribe.com\/es\/","name":"Knowmad Tribe","description":"Remote Workers Travel Agency","publisher":{"@id":"https:\/\/knowmadtribe.com\/es\/#organization"},"potentialAction":[{"@type":"SearchAction","target":{"@type":"EntryPoint","urlTemplate":"https:\/\/knowmadtribe.com\/es\/?s={search_term_string}"},"query-input":{"@type":"PropertyValueSpecification","valueRequired":true,"valueName":"search_term_string"}}],"inLanguage":"es"},{"@type":"Organization","@id":"https:\/\/knowmadtribe.com\/es\/#organization","name":"Knowmad Tribe","url":"https:\/\/knowmadtribe.com\/es\/","logo":{"@type":"ImageObject","inLanguage":"es","@id":"https:\/\/knowmadtribe.com\/es\/#\/schema\/logo\/image\/","url":"https:\/\/knowmadtribe.com\/wp-content\/uploads\/2020\/09\/redes-perfil-02.jpg","contentUrl":"https:\/\/knowmadtribe.com\/wp-content\/uploads\/2020\/09\/redes-perfil-02.jpg","width":900,"height":900,"caption":"Knowmad Tribe"},"image":{"@id":"https:\/\/knowmadtribe.com\/es\/#\/schema\/logo\/image\/"},"sameAs":["https:\/\/www.linkedin.com\/company\/knowmadtribe\/about\/"]}]}},"_links":{"self":[{"href":"https:\/\/knowmadtribe.com\/es\/wp-json\/wp\/v2\/pages\/11436","targetHints":{"allow":["GET"]}}],"collection":[{"href":"https:\/\/knowmadtribe.com\/es\/wp-json\/wp\/v2\/pages"}],"about":[{"href":"https:\/\/knowmadtribe.com\/es\/wp-json\/wp\/v2\/types\/page"}],"author":[{"embeddable":true,"href":"https:\/\/knowmadtribe.com\/es\/wp-json\/wp\/v2\/users\/4"}],"replies":[{"embeddable":true,"href":"https:\/\/knowmadtribe.com\/es\/wp-json\/wp\/v2\/comments?post=11436"}],"version-history":[{"count":1,"href":"https:\/\/knowmadtribe.com\/es\/wp-json\/wp\/v2\/pages\/11436\/revisions"}],"predecessor-version":[{"id":11437,"href":"https:\/\/knowmadtribe.com\/es\/wp-json\/wp\/v2\/pages\/11436\/revisions\/11437"}],"wp:attachment":[{"href":"https:\/\/knowmadtribe.com\/es\/wp-json\/wp\/v2\/media?parent=11436"}],"curies":[{"name":"wp","href":"https:\/\/api.w.org\/{rel}","templated":true}]}}