{"id":11858,"date":"2026-04-14T14:43:50","date_gmt":"2026-04-14T12:43:50","guid":{"rendered":"https:\/\/knowmadtribe.com\/trip\/slow-travel-en-salamanca-con-susie_in_spain"},"modified":"2026-04-16T22:59:09","modified_gmt":"2026-04-16T20:59:09","slug":"slow-travel-en-salamanca-con-susie_in_spain","status":"publish","type":"product","link":"https:\/\/knowmadtribe.com\/es\/trip\/slow-travel-en-salamanca-con-susie_in_spain","title":{"rendered":"Slow travel en Salamanca con @susie_in_spain"},"content":{"rendered":"<h3>CONOCE A TU ANFITRIONA<\/h3>\n<p>Hola, soy Susie. Llevo compartiendo mi vida en Espa\u00f1a desde hace ya algunos a\u00f1os, y este viaje es una oportunidad para descubrir la Espa\u00f1a real juntas, de una forma m\u00e1s personal.<br \/>No se trata de ir con prisas ni de tachar lugares de una lista, sino de disfrutar de los peque\u00f1os momentos, la buena comida, los lugares bonitos y una conexi\u00f3n aut\u00e9ntica con un grupo de mujeres afines. <\/p>\n<h3>\u00bfPARA QUI\u00c9N ES?<\/h3>\n<p>Este viaje est\u00e1 pensado para mujeres a las que les gustan la cultura, la comida y los viajes con sentido, y que buscan algo m\u00e1s pausado y m\u00e1s conectado que un viaje t\u00edpico.<br \/>\nEs ideal para:<\/p>\n<p>\u2022 Viajeras en solitario que buscan una experiencia de grupo relajada y social<br \/>\n\u2022 Mujeres que disfrutan de un ritmo m\u00e1s tranquilo y de una forma de viajar m\u00e1s intencional<br \/>\n\u2022 Personas que quieren conectar con otras a trav\u00e9s de intereses compartidos como la cultura, la gastronom\u00eda y los idiomas<br \/>\n\u2022 Tanto para hispanohablantes como para angloparlantes<\/p>\n<p>\u00bfVienes sola? La mayor\u00eda lo har\u00e1. La experiencia est\u00e1 dise\u00f1ada para que te sientas c\u00f3moda, bienvenida y acompa\u00f1ada desde el momento en que llegas.  <\/p>\n<p>&nbsp;<\/p>\n<h3>LO QUE EXPERIMENTAR\u00c1S<\/h3>\n<p>Acomp\u00e1\u00f1ame durante unos d\u00edas en Salamanca, una de las ciudades m\u00e1s bonitas e hist\u00f3ricas de Espa\u00f1a, en una escapada cultural relajada pensada para que todo se sienta f\u00e1cil, acogedor y cercano.<br \/>\nExploraremos la ciudad a un ritmo m\u00e1s pausado, con tiempo para pasear, disfrutar de comidas largas y empaparnos del ambiente, adem\u00e1s de hacer una excursi\u00f3n a La Alberca, uno de los pueblos m\u00e1s bonitos de la regi\u00f3n.<br \/>\nNo es un tour tradicional, sino una oportunidad para vivir Espa\u00f1a de una forma m\u00e1s aut\u00e9ntica y significativa, a trav\u00e9s de momentos compartidos, cultura local y conexi\u00f3n genuina.<\/p>\n<h3>DESTACADOS<\/h3>\n<ul>\n<li>Acompa\u00f1ada por Susie durante todo el viaje<\/li>\n<li>Una experiencia s\u00f3lo para mujeres dise\u00f1ada para sentirse relajada, segura y socializar con otras mujeres<\/li>\n<li>3 noches de alojamiento y desayuno en Salamanca<\/li>\n<li>Hotel de 4* en la impresionante Plaza Mayor<\/li>\n<li>Un paseo guiado por Salamanca con un gu\u00eda local<\/li>\n<li>Tiempo libre para explorar a tu ritmo<\/li>\n<li>Excursi\u00f3n de un d\u00eda a La Alberca<\/li>\n<li>Paseo guiado por La Alberca<\/li>\n<li>Almuerzo tradicional en La Alberca y sobremesa<\/li>\n<li>Abierto tanto a hispanohablantes como a angloparlantes<\/li>\n<\/ul>\n<h3>\u00daNETE A NOSOTRAS<\/h3>\n<p>Esta es una oportunidad para alejarte de la rutina y vivir Espa\u00f1a de una forma m\u00e1s relajada y con m\u00e1s sentido, con tiempo para bajar el ritmo, conectar y disfrutarla de verdad.<br \/>\nSi te apetece un viaje que se sienta f\u00e1cil, acogedor y realmente diferente a un t\u00edpico viaje en grupo, esto es exactamente eso.<\/p>\n<p><strong>S\u00f3lo hay 12-15 plazas disponibles: una vez que se llena, se llena.<\/strong><\/p>\n","protected":false},"excerpt":{"rendered":"<ol>\n<li>\n<h3>Llegada a Salamanca<\/h3>\n<p>Llega a Salamanca, reg\u00edstrate e inst\u00e1late en la ciudad. Por la noche, tendr\u00e1s la opci\u00f3n de unirte a una cena de bienvenida en el casco antiguo. Una primera velada relajada para conocer al grupo y comenzar juntos la experiencia.  <\/li>\n<li>\n<h3>Salamanca a un ritmo relajado<\/h3>\n<p>Pasaremos la ma\u00f1ana descubriendo Salamanca en un paseo guiado y relajado, disfrutando de su historia, su ambiente y su belleza cotidiana. Despu\u00e9s, tendr\u00e1s la tarde libre para pasear, tomar unas tapas, entrar en tiendas locales o simplemente disfrutar de la ciudad a tu ritmo. <\/li>\n<li>\n<h3>Excursi\u00f3n de un d\u00eda a La Alberca<\/h3>\n<p>Hoy iremos a La Alberca, un precioso pueblo conocido por su arquitectura tradicional y su atm\u00f3sfera atemporal. Lo recorreremos juntas en una visita guiada, seguida de una comida tradicional larga y una buena sobremesa, antes de volver a Salamanca por la tarde. <\/li>\n<li>\n<h3>Desayuno, check-out y salida<\/h3>\n<p>Tomaremos juntas un \u00faltimo desayuno antes de la salida. Un final tranquilo y f\u00e1cil para nuestro tiempo juntos. <\/li>\n<\/ol>\n","protected":false},"featured_media":11853,"comment_status":"open","ping_status":"closed","template":"","meta":{"_acf_changed":false,"content-type":"","_jet_sm_ready_style":"","_jet_sm_style":"","_jet_sm_controls_values":"","_jet_sm_fonts_collection":"","_jet_sm_fonts_links":""},"product_brand":[],"product_cat":[219],"product_tag":[],"class_list":{"0":"post-11858","1":"product","2":"type-product","3":"status-publish","4":"has-post-thumbnail","6":"product_cat-viajes-creadores","8":"first","9":"instock","10":"sale","11":"taxable","12":"shipping-taxable","13":"purchasable","14":"product-type-variable"},"acf":[],"yoast_head":"<!-- This site is optimized with the Yoast SEO Premium plugin v26.0 (Yoast SEO v27.4) - https:\/\/yoast.com\/product\/yoast-seo-premium-wordpress\/ -->\n<title>Slow travel en Salamanca con @susie_in_spain - Knowmad Tribe<\/title>\n<meta name=\"robots\" content=\"index, follow, max-snippet:-1, max-image-preview:large, max-video-preview:-1\" \/>\n<link rel=\"canonical\" href=\"https:\/\/knowmadtribe.com\/es\/trip\/slow-travel-en-salamanca-con-susie_in_spain\" \/>\n<meta property=\"og:locale\" content=\"es_ES\" \/>\n<meta property=\"og:type\" content=\"article\" \/>\n<meta property=\"og:title\" content=\"Slow travel en Salamanca con @susie_in_spain\" \/>\n<meta property=\"og:description\" content=\"Llegada a Salamanca Llega a Salamanca, reg\u00edstrate e inst\u00e1late en la ciudad. Por la noche, tendr\u00e1s la opci\u00f3n de unirte a una cena de bienvenida en el casco antiguo. Una primera velada relajada para conocer al grupo y comenzar juntos la experiencia.   Salamanca a un ritmo relajado Pasaremos la ma\u00f1ana descubriendo Salamanca en un paseo guiado y relajado, disfrutando de su historia, su ambiente y su belleza cotidiana. Despu\u00e9s, tendr\u00e1s la tarde libre para pasear, tomar unas tapas, entrar en tiendas locales o simplemente disfrutar de la ciudad a tu ritmo.   Excursi\u00f3n de un d\u00eda a La Alberca Hoy iremos a La Alberca, un precioso pueblo conocido por su arquitectura tradicional y su atm\u00f3sfera atemporal. Lo recorreremos juntas en una visita guiada, seguida de una comida tradicional larga y una buena sobremesa, antes de volver a Salamanca por la tarde.   Desayuno, check-out y salida Tomaremos juntas un \u00faltimo desayuno antes de la salida. Un final tranquilo y f\u00e1cil para nuestro tiempo juntos.\" \/>\n<meta property=\"og:url\" content=\"https:\/\/knowmadtribe.com\/es\/trip\/slow-travel-en-salamanca-con-susie_in_spain\" \/>\n<meta property=\"og:site_name\" content=\"Knowmad Tribe\" \/>\n<meta property=\"article:modified_time\" content=\"2026-04-16T20:59:09+00:00\" \/>\n<meta property=\"og:image\" content=\"https:\/\/knowmadtribe.com\/wp-content\/uploads\/2026\/04\/Salamanca.jpeg\" \/>\n\t<meta property=\"og:image:width\" content=\"1536\" \/>\n\t<meta property=\"og:image:height\" content=\"1024\" \/>\n\t<meta property=\"og:image:type\" content=\"image\/jpeg\" \/>\n<meta name=\"twitter:card\" content=\"summary_large_image\" \/>\n<meta name=\"twitter:label1\" content=\"Tiempo de lectura\" \/>\n\t<meta name=\"twitter:data1\" content=\"2 minutos\" \/>\n<script type=\"application\/ld+json\" class=\"yoast-schema-graph\">{\"@context\":\"https:\\\/\\\/schema.org\",\"@graph\":[{\"@type\":\"WebPage\",\"@id\":\"https:\\\/\\\/knowmadtribe.com\\\/es\\\/trip\\\/slow-travel-en-salamanca-con-susie_in_spain\",\"url\":\"https:\\\/\\\/knowmadtribe.com\\\/es\\\/trip\\\/slow-travel-en-salamanca-con-susie_in_spain\",\"name\":\"Slow travel en Salamanca con @susie_in_spain - Knowmad Tribe\",\"isPartOf\":{\"@id\":\"https:\\\/\\\/knowmadtribe.com\\\/es\\\/#website\"},\"primaryImageOfPage\":{\"@id\":\"https:\\\/\\\/knowmadtribe.com\\\/es\\\/trip\\\/slow-travel-en-salamanca-con-susie_in_spain#primaryimage\"},\"image\":{\"@id\":\"https:\\\/\\\/knowmadtribe.com\\\/es\\\/trip\\\/slow-travel-en-salamanca-con-susie_in_spain#primaryimage\"},\"thumbnailUrl\":\"https:\\\/\\\/knowmadtribe.com\\\/wp-content\\\/uploads\\\/2026\\\/04\\\/Salamanca.jpeg\",\"datePublished\":\"2026-04-14T12:43:50+00:00\",\"dateModified\":\"2026-04-16T20:59:09+00:00\",\"breadcrumb\":{\"@id\":\"https:\\\/\\\/knowmadtribe.com\\\/es\\\/trip\\\/slow-travel-en-salamanca-con-susie_in_spain#breadcrumb\"},\"inLanguage\":\"es\",\"potentialAction\":[{\"@type\":\"ReadAction\",\"target\":[\"https:\\\/\\\/knowmadtribe.com\\\/es\\\/trip\\\/slow-travel-en-salamanca-con-susie_in_spain\"]}]},{\"@type\":\"ImageObject\",\"inLanguage\":\"es\",\"@id\":\"https:\\\/\\\/knowmadtribe.com\\\/es\\\/trip\\\/slow-travel-en-salamanca-con-susie_in_spain#primaryimage\",\"url\":\"https:\\\/\\\/knowmadtribe.com\\\/wp-content\\\/uploads\\\/2026\\\/04\\\/Salamanca.jpeg\",\"contentUrl\":\"https:\\\/\\\/knowmadtribe.com\\\/wp-content\\\/uploads\\\/2026\\\/04\\\/Salamanca.jpeg\",\"width\":1536,\"height\":1024},{\"@type\":\"BreadcrumbList\",\"@id\":\"https:\\\/\\\/knowmadtribe.com\\\/es\\\/trip\\\/slow-travel-en-salamanca-con-susie_in_spain#breadcrumb\",\"itemListElement\":[{\"@type\":\"ListItem\",\"position\":1,\"name\":\"Home\",\"item\":\"https:\\\/\\\/knowmadtribe.com\\\/es\\\/inicio\"},{\"@type\":\"ListItem\",\"position\":2,\"name\":\"Slow travel en Salamanca con @susie_in_spain\"}]},{\"@type\":\"WebSite\",\"@id\":\"https:\\\/\\\/knowmadtribe.com\\\/es\\\/#website\",\"url\":\"https:\\\/\\\/knowmadtribe.com\\\/es\\\/\",\"name\":\"Knowmad Tribe\",\"description\":\"Remote Workers Travel Agency\",\"publisher\":{\"@id\":\"https:\\\/\\\/knowmadtribe.com\\\/es\\\/#organization\"},\"potentialAction\":[{\"@type\":\"SearchAction\",\"target\":{\"@type\":\"EntryPoint\",\"urlTemplate\":\"https:\\\/\\\/knowmadtribe.com\\\/es\\\/?s={search_term_string}\"},\"query-input\":{\"@type\":\"PropertyValueSpecification\",\"valueRequired\":true,\"valueName\":\"search_term_string\"}}],\"inLanguage\":\"es\"},{\"@type\":\"Organization\",\"@id\":\"https:\\\/\\\/knowmadtribe.com\\\/es\\\/#organization\",\"name\":\"Knowmad Tribe\",\"url\":\"https:\\\/\\\/knowmadtribe.com\\\/es\\\/\",\"logo\":{\"@type\":\"ImageObject\",\"inLanguage\":\"es\",\"@id\":\"https:\\\/\\\/knowmadtribe.com\\\/es\\\/#\\\/schema\\\/logo\\\/image\\\/\",\"url\":\"https:\\\/\\\/knowmadtribe.com\\\/wp-content\\\/uploads\\\/2020\\\/09\\\/redes-perfil-02.jpg\",\"contentUrl\":\"https:\\\/\\\/knowmadtribe.com\\\/wp-content\\\/uploads\\\/2020\\\/09\\\/redes-perfil-02.jpg\",\"width\":900,\"height\":900,\"caption\":\"Knowmad Tribe\"},\"image\":{\"@id\":\"https:\\\/\\\/knowmadtribe.com\\\/es\\\/#\\\/schema\\\/logo\\\/image\\\/\"},\"sameAs\":[\"https:\\\/\\\/www.linkedin.com\\\/company\\\/knowmadtribe\\\/about\\\/\"]}]}<\/script>\n<!-- \/ Yoast SEO Premium plugin. -->","yoast_head_json":{"title":"Slow travel en Salamanca con @susie_in_spain - Knowmad Tribe","robots":{"index":"index","follow":"follow","max-snippet":"max-snippet:-1","max-image-preview":"max-image-preview:large","max-video-preview":"max-video-preview:-1"},"canonical":"https:\/\/knowmadtribe.com\/es\/trip\/slow-travel-en-salamanca-con-susie_in_spain","og_locale":"es_ES","og_type":"article","og_title":"Slow travel en Salamanca con @susie_in_spain","og_description":"Llegada a Salamanca Llega a Salamanca, reg\u00edstrate e inst\u00e1late en la ciudad. Por la noche, tendr\u00e1s la opci\u00f3n de unirte a una cena de bienvenida en el casco antiguo. Una primera velada relajada para conocer al grupo y comenzar juntos la experiencia.   Salamanca a un ritmo relajado Pasaremos la ma\u00f1ana descubriendo Salamanca en un paseo guiado y relajado, disfrutando de su historia, su ambiente y su belleza cotidiana. Despu\u00e9s, tendr\u00e1s la tarde libre para pasear, tomar unas tapas, entrar en tiendas locales o simplemente disfrutar de la ciudad a tu ritmo.   Excursi\u00f3n de un d\u00eda a La Alberca Hoy iremos a La Alberca, un precioso pueblo conocido por su arquitectura tradicional y su atm\u00f3sfera atemporal. Lo recorreremos juntas en una visita guiada, seguida de una comida tradicional larga y una buena sobremesa, antes de volver a Salamanca por la tarde.   Desayuno, check-out y salida Tomaremos juntas un \u00faltimo desayuno antes de la salida. Un final tranquilo y f\u00e1cil para nuestro tiempo juntos.","og_url":"https:\/\/knowmadtribe.com\/es\/trip\/slow-travel-en-salamanca-con-susie_in_spain","og_site_name":"Knowmad Tribe","article_modified_time":"2026-04-16T20:59:09+00:00","og_image":[{"width":1536,"height":1024,"url":"https:\/\/knowmadtribe.com\/wp-content\/uploads\/2026\/04\/Salamanca.jpeg","type":"image\/jpeg"}],"twitter_card":"summary_large_image","twitter_misc":{"Tiempo de lectura":"2 minutos"},"schema":{"@context":"https:\/\/schema.org","@graph":[{"@type":"WebPage","@id":"https:\/\/knowmadtribe.com\/es\/trip\/slow-travel-en-salamanca-con-susie_in_spain","url":"https:\/\/knowmadtribe.com\/es\/trip\/slow-travel-en-salamanca-con-susie_in_spain","name":"Slow travel en Salamanca con @susie_in_spain - Knowmad Tribe","isPartOf":{"@id":"https:\/\/knowmadtribe.com\/es\/#website"},"primaryImageOfPage":{"@id":"https:\/\/knowmadtribe.com\/es\/trip\/slow-travel-en-salamanca-con-susie_in_spain#primaryimage"},"image":{"@id":"https:\/\/knowmadtribe.com\/es\/trip\/slow-travel-en-salamanca-con-susie_in_spain#primaryimage"},"thumbnailUrl":"https:\/\/knowmadtribe.com\/wp-content\/uploads\/2026\/04\/Salamanca.jpeg","datePublished":"2026-04-14T12:43:50+00:00","dateModified":"2026-04-16T20:59:09+00:00","breadcrumb":{"@id":"https:\/\/knowmadtribe.com\/es\/trip\/slow-travel-en-salamanca-con-susie_in_spain#breadcrumb"},"inLanguage":"es","potentialAction":[{"@type":"ReadAction","target":["https:\/\/knowmadtribe.com\/es\/trip\/slow-travel-en-salamanca-con-susie_in_spain"]}]},{"@type":"ImageObject","inLanguage":"es","@id":"https:\/\/knowmadtribe.com\/es\/trip\/slow-travel-en-salamanca-con-susie_in_spain#primaryimage","url":"https:\/\/knowmadtribe.com\/wp-content\/uploads\/2026\/04\/Salamanca.jpeg","contentUrl":"https:\/\/knowmadtribe.com\/wp-content\/uploads\/2026\/04\/Salamanca.jpeg","width":1536,"height":1024},{"@type":"BreadcrumbList","@id":"https:\/\/knowmadtribe.com\/es\/trip\/slow-travel-en-salamanca-con-susie_in_spain#breadcrumb","itemListElement":[{"@type":"ListItem","position":1,"name":"Home","item":"https:\/\/knowmadtribe.com\/es\/inicio"},{"@type":"ListItem","position":2,"name":"Slow travel en Salamanca con @susie_in_spain"}]},{"@type":"WebSite","@id":"https:\/\/knowmadtribe.com\/es\/#website","url":"https:\/\/knowmadtribe.com\/es\/","name":"Knowmad Tribe","description":"Remote Workers Travel Agency","publisher":{"@id":"https:\/\/knowmadtribe.com\/es\/#organization"},"potentialAction":[{"@type":"SearchAction","target":{"@type":"EntryPoint","urlTemplate":"https:\/\/knowmadtribe.com\/es\/?s={search_term_string}"},"query-input":{"@type":"PropertyValueSpecification","valueRequired":true,"valueName":"search_term_string"}}],"inLanguage":"es"},{"@type":"Organization","@id":"https:\/\/knowmadtribe.com\/es\/#organization","name":"Knowmad Tribe","url":"https:\/\/knowmadtribe.com\/es\/","logo":{"@type":"ImageObject","inLanguage":"es","@id":"https:\/\/knowmadtribe.com\/es\/#\/schema\/logo\/image\/","url":"https:\/\/knowmadtribe.com\/wp-content\/uploads\/2020\/09\/redes-perfil-02.jpg","contentUrl":"https:\/\/knowmadtribe.com\/wp-content\/uploads\/2020\/09\/redes-perfil-02.jpg","width":900,"height":900,"caption":"Knowmad Tribe"},"image":{"@id":"https:\/\/knowmadtribe.com\/es\/#\/schema\/logo\/image\/"},"sameAs":["https:\/\/www.linkedin.com\/company\/knowmadtribe\/about\/"]}]}},"_links":{"self":[{"href":"https:\/\/knowmadtribe.com\/es\/wp-json\/wp\/v2\/product\/11858","targetHints":{"allow":["GET"]}}],"collection":[{"href":"https:\/\/knowmadtribe.com\/es\/wp-json\/wp\/v2\/product"}],"about":[{"href":"https:\/\/knowmadtribe.com\/es\/wp-json\/wp\/v2\/types\/product"}],"replies":[{"embeddable":true,"href":"https:\/\/knowmadtribe.com\/es\/wp-json\/wp\/v2\/comments?post=11858"}],"wp:featuredmedia":[{"embeddable":true,"href":"https:\/\/knowmadtribe.com\/es\/wp-json\/wp\/v2\/media\/11853"}],"wp:attachment":[{"href":"https:\/\/knowmadtribe.com\/es\/wp-json\/wp\/v2\/media?parent=11858"}],"wp:term":[{"taxonomy":"product_brand","embeddable":true,"href":"https:\/\/knowmadtribe.com\/es\/wp-json\/wp\/v2\/product_brand?post=11858"},{"taxonomy":"product_cat","embeddable":true,"href":"https:\/\/knowmadtribe.com\/es\/wp-json\/wp\/v2\/product_cat?post=11858"},{"taxonomy":"product_tag","embeddable":true,"href":"https:\/\/knowmadtribe.com\/es\/wp-json\/wp\/v2\/product_tag?post=11858"}],"curies":[{"name":"wp","href":"https:\/\/api.w.org\/{rel}","templated":true}]}}